{"id":85,"date":"2025-10-25T15:38:01","date_gmt":"2025-10-25T15:38:01","guid":{"rendered":"https:\/\/novedadesmundodeporte.com\/?page_id=85"},"modified":"2025-10-25T15:38:02","modified_gmt":"2025-10-25T15:38:02","slug":"politica-de-cookies","status":"publish","type":"page","link":"https:\/\/novedadesmundodeporte.com\/?page_id=85","title":{"rendered":"Pol\u00edtica de Cookies"},"content":{"rendered":"\n<p><strong>1. \u00bfQu\u00e9 son las cookies?<\/strong><br>Las cookies son peque\u00f1os archivos de texto que los sitios web env\u00edan al navegador del usuario para almacenar informaci\u00f3n y facilitar la navegaci\u00f3n. No suelen contener informaci\u00f3n personal, pero permiten mejorar la experiencia del usuario.<\/p>\n\n\n\n<p><strong>2. Tipos de cookies que utilizamos<\/strong><br>En <strong>Novedades Mundo Deporte<\/strong> utilizamos las siguientes cookies:<\/p>\n\n\n\n<ul class=\"wp-block-list\">\n<li><strong>Cookies t\u00e9cnicas:<\/strong> Necesarias para el correcto funcionamiento de la web, como mantener sesiones abiertas o recordar preferencias de idioma.<\/li>\n\n\n\n<li><strong>Cookies de an\u00e1lisis:<\/strong> Nos permiten obtener informaci\u00f3n sobre el uso de la web, como p\u00e1ginas visitadas o tiempo de permanencia, para mejorar nuestros contenidos.<\/li>\n\n\n\n<li><strong>Cookies de publicidad o marketing:<\/strong> Pueden ser usadas por terceros para mostrar anuncios personalizados seg\u00fan tus intereses.<\/li>\n<\/ul>\n\n\n\n<p><strong>3. Gesti\u00f3n de cookies<\/strong><br>Puedes aceptar o rechazar las cookies mediante la configuraci\u00f3n de tu navegador. Tambi\u00e9n puedes eliminar las cookies almacenadas en cualquier momento.<\/p>\n\n\n\n<ul class=\"wp-block-list\">\n<li>Chrome: <a>https:\/\/support.google.com\/chrome\/answer\/95647<\/a><\/li>\n\n\n\n<li>Firefox: <a>https:\/\/support.mozilla.org\/es\/kb\/habilitar-y-deshabilitar-cookies-sitios-web-r<\/a><\/li>\n\n\n\n<li>Edge: <a>https:\/\/support.microsoft.com\/es-es\/microsoft-edge\/eliminar-cookies-en-microsoft-edge-63947406-40ac-c3b8-57b9-2a946a29ae09<\/a><\/li>\n\n\n\n<li>Safari: <a>https:\/\/support.apple.com\/es-es\/guide\/safari\/sfri11471\/mac<\/a><\/li>\n<\/ul>\n\n\n\n<p><strong>4. Consentimiento<\/strong><br>Al navegar por nuestro sitio web, aceptas el uso de cookies seg\u00fan esta pol\u00edtica, salvo que desactives su uso en tu navegador. Para m\u00e1s informaci\u00f3n sobre c\u00f3mo revocar el consentimiento, puedes contactarnos en marcosgarciavalladolid@gmail.com .<\/p>\n\n\n\n<p><strong>5. Actualizaci\u00f3n de la pol\u00edtica de cookies<\/strong><br>Podemos actualizar esta Pol\u00edtica de Cookies para adaptarla a cambios legales o t\u00e9cnicos. Se recomienda revisar peri\u00f3dicamente este apartado.<\/p>\n","protected":false},"excerpt":{"rendered":"<p>1. \u00bfQu\u00e9 son las cookies?Las cookies son peque\u00f1os archivos de texto que los sitios web env\u00edan al navegador del usuario [&hellip;]<\/p>\n","protected":false},"author":1,"featured_media":0,"parent":0,"menu_order":0,"comment_status":"closed","ping_status":"closed","template":"","meta":{"site-sidebar-layout":"default","site-content-layout":"","ast-site-content-layout":"default","site-content-style":"default","site-sidebar-style":"default","ast-global-header-display":"","ast-banner-title-visibility":"","ast-main-header-display":"","ast-hfb-above-header-display":"","ast-hfb-below-header-display":"","ast-hfb-mobile-header-display":"","site-post-title":"","ast-breadcrumbs-content":"","ast-featured-img":"","footer-sml-layout":"","ast-disable-related-posts":"","theme-transparent-header-meta":"","adv-header-id-meta":"","stick-header-meta":"","header-above-stick-meta":"","header-main-stick-meta":"","header-below-stick-meta":"","astra-migrate-meta-layouts":"default","ast-page-background-enabled":"default","ast-page-background-meta":{"desktop":{"background-color":"var(--ast-global-color-5)","background-image":"","background-repeat":"repeat","background-position":"center center","background-size":"auto","background-attachment":"scroll","background-type":"","background-media":"","overlay-type":"","overlay-color":"","overlay-opacity":"","overlay-gradient":""},"tablet":{"background-color":"","background-image":"","background-repeat":"repeat","background-position":"center center","background-size":"auto","background-attachment":"scroll","background-type":"","background-media":"","overlay-type":"","overlay-color":"","overlay-opacity":"","overlay-gradient":""},"mobile":{"background-color":"","background-image":"","background-repeat":"repeat","background-position":"center center","background-size":"auto","background-attachment":"scroll","background-type":"","background-media":"","overlay-type":"","overlay-color":"","overlay-opacity":"","overlay-gradient":""}},"ast-content-background-meta":{"desktop":{"background-color":"var(--ast-global-color-4)","background-image":"","background-repeat":"repeat","background-position":"center center","background-size":"auto","background-attachment":"scroll","background-type":"","background-media":"","overlay-type":"","overlay-color":"","overlay-opacity":"","overlay-gradient":""},"tablet":{"background-color":"var(--ast-global-color-4)","background-image":"","background-repeat":"repeat","background-position":"center center","background-size":"auto","background-attachment":"scroll","background-type":"","background-media":"","overlay-type":"","overlay-color":"","overlay-opacity":"","overlay-gradient":""},"mobile":{"background-color":"var(--ast-global-color-4)","background-image":"","background-repeat":"repeat","background-position":"center center","background-size":"auto","background-attachment":"scroll","background-type":"","background-media":"","overlay-type":"","overlay-color":"","overlay-opacity":"","overlay-gradient":""}},"footnotes":""},"class_list":["post-85","page","type-page","status-publish","hentry"],"yoast_head":"<!-- This site is optimized with the Yoast SEO plugin v27.1.1 - https:\/\/yoast.com\/product\/yoast-seo-wordpress\/ -->\n<title>Pol\u00edtica de Cookies - novedadesmundodeporte<\/title>\n<meta name=\"robots\" content=\"index, follow, max-snippet:-1, max-image-preview:large, max-video-preview:-1\" \/>\n<link rel=\"canonical\" href=\"https:\/\/novedadesmundodeporte.com\/?page_id=85\" \/>\n<meta property=\"og:locale\" content=\"es_ES\" \/>\n<meta property=\"og:type\" content=\"article\" \/>\n<meta property=\"og:title\" content=\"Pol\u00edtica de Cookies - novedadesmundodeporte\" \/>\n<meta property=\"og:description\" content=\"1. \u00bfQu\u00e9 son las cookies?Las cookies son peque\u00f1os archivos de texto que los sitios web env\u00edan al navegador del usuario [&hellip;]\" \/>\n<meta property=\"og:url\" content=\"https:\/\/novedadesmundodeporte.com\/?page_id=85\" \/>\n<meta property=\"og:site_name\" content=\"novedadesmundodeporte\" \/>\n<meta property=\"article:modified_time\" content=\"2025-10-25T15:38:02+00:00\" \/>\n<meta name=\"twitter:card\" content=\"summary_large_image\" \/>\n<meta name=\"twitter:label1\" content=\"Tiempo de lectura\" \/>\n\t<meta name=\"twitter:data1\" content=\"1 minuto\" \/>\n<script type=\"application\/ld+json\" class=\"yoast-schema-graph\">{\"@context\":\"https:\/\/schema.org\",\"@graph\":[{\"@type\":\"WebPage\",\"@id\":\"https:\/\/novedadesmundodeporte.com\/?page_id=85\",\"url\":\"https:\/\/novedadesmundodeporte.com\/?page_id=85\",\"name\":\"Pol\u00edtica de Cookies - novedadesmundodeporte\",\"isPartOf\":{\"@id\":\"https:\/\/novedadesmundodeporte.com\/#website\"},\"datePublished\":\"2025-10-25T15:38:01+00:00\",\"dateModified\":\"2025-10-25T15:38:02+00:00\",\"breadcrumb\":{\"@id\":\"https:\/\/novedadesmundodeporte.com\/?page_id=85#breadcrumb\"},\"inLanguage\":\"es\",\"potentialAction\":[{\"@type\":\"ReadAction\",\"target\":[\"https:\/\/novedadesmundodeporte.com\/?page_id=85\"]}]},{\"@type\":\"BreadcrumbList\",\"@id\":\"https:\/\/novedadesmundodeporte.com\/?page_id=85#breadcrumb\",\"itemListElement\":[{\"@type\":\"ListItem\",\"position\":1,\"name\":\"Portada\",\"item\":\"https:\/\/novedadesmundodeporte.com\/\"},{\"@type\":\"ListItem\",\"position\":2,\"name\":\"Pol\u00edtica de Cookies\"}]},{\"@type\":\"WebSite\",\"@id\":\"https:\/\/novedadesmundodeporte.com\/#website\",\"url\":\"https:\/\/novedadesmundodeporte.com\/\",\"name\":\"novedadesmundodeporte\",\"description\":\"Novedades deportivas\",\"publisher\":{\"@id\":\"https:\/\/novedadesmundodeporte.com\/#\/schema\/person\/fe8f5a242b671c8455d86602bc9adcd1\"},\"potentialAction\":[{\"@type\":\"SearchAction\",\"target\":{\"@type\":\"EntryPoint\",\"urlTemplate\":\"https:\/\/novedadesmundodeporte.com\/?s={search_term_string}\"},\"query-input\":{\"@type\":\"PropertyValueSpecification\",\"valueRequired\":true,\"valueName\":\"search_term_string\"}}],\"inLanguage\":\"es\"},{\"@type\":[\"Person\",\"Organization\"],\"@id\":\"https:\/\/novedadesmundodeporte.com\/#\/schema\/person\/fe8f5a242b671c8455d86602bc9adcd1\",\"name\":\"Carlos Perez\",\"image\":{\"@type\":\"ImageObject\",\"inLanguage\":\"es\",\"@id\":\"https:\/\/novedadesmundodeporte.com\/#\/schema\/person\/image\/\",\"url\":\"https:\/\/novedadesmundodeporte.com\/wp-content\/uploads\/2025\/10\/IMG_0012.jpeg\",\"contentUrl\":\"https:\/\/novedadesmundodeporte.com\/wp-content\/uploads\/2025\/10\/IMG_0012.jpeg\",\"width\":1146,\"height\":913,\"caption\":\"Carlos Perez\"},\"logo\":{\"@id\":\"https:\/\/novedadesmundodeporte.com\/#\/schema\/person\/image\/\"},\"sameAs\":[\"http:\/\/novedadesmundodeporte.com\"]}]}<\/script>\n<!-- \/ Yoast SEO plugin. -->","yoast_head_json":{"title":"Pol\u00edtica de Cookies - novedadesmundodeporte","robots":{"index":"index","follow":"follow","max-snippet":"max-snippet:-1","max-image-preview":"max-image-preview:large","max-video-preview":"max-video-preview:-1"},"canonical":"https:\/\/novedadesmundodeporte.com\/?page_id=85","og_locale":"es_ES","og_type":"article","og_title":"Pol\u00edtica de Cookies - novedadesmundodeporte","og_description":"1. \u00bfQu\u00e9 son las cookies?Las cookies son peque\u00f1os archivos de texto que los sitios web env\u00edan al navegador del usuario [&hellip;]","og_url":"https:\/\/novedadesmundodeporte.com\/?page_id=85","og_site_name":"novedadesmundodeporte","article_modified_time":"2025-10-25T15:38:02+00:00","twitter_card":"summary_large_image","twitter_misc":{"Tiempo de lectura":"1 minuto"},"schema":{"@context":"https:\/\/schema.org","@graph":[{"@type":"WebPage","@id":"https:\/\/novedadesmundodeporte.com\/?page_id=85","url":"https:\/\/novedadesmundodeporte.com\/?page_id=85","name":"Pol\u00edtica de Cookies - novedadesmundodeporte","isPartOf":{"@id":"https:\/\/novedadesmundodeporte.com\/#website"},"datePublished":"2025-10-25T15:38:01+00:00","dateModified":"2025-10-25T15:38:02+00:00","breadcrumb":{"@id":"https:\/\/novedadesmundodeporte.com\/?page_id=85#breadcrumb"},"inLanguage":"es","potentialAction":[{"@type":"ReadAction","target":["https:\/\/novedadesmundodeporte.com\/?page_id=85"]}]},{"@type":"BreadcrumbList","@id":"https:\/\/novedadesmundodeporte.com\/?page_id=85#breadcrumb","itemListElement":[{"@type":"ListItem","position":1,"name":"Portada","item":"https:\/\/novedadesmundodeporte.com\/"},{"@type":"ListItem","position":2,"name":"Pol\u00edtica de Cookies"}]},{"@type":"WebSite","@id":"https:\/\/novedadesmundodeporte.com\/#website","url":"https:\/\/novedadesmundodeporte.com\/","name":"novedadesmundodeporte","description":"Novedades deportivas","publisher":{"@id":"https:\/\/novedadesmundodeporte.com\/#\/schema\/person\/fe8f5a242b671c8455d86602bc9adcd1"},"potentialAction":[{"@type":"SearchAction","target":{"@type":"EntryPoint","urlTemplate":"https:\/\/novedadesmundodeporte.com\/?s={search_term_string}"},"query-input":{"@type":"PropertyValueSpecification","valueRequired":true,"valueName":"search_term_string"}}],"inLanguage":"es"},{"@type":["Person","Organization"],"@id":"https:\/\/novedadesmundodeporte.com\/#\/schema\/person\/fe8f5a242b671c8455d86602bc9adcd1","name":"Carlos Perez","image":{"@type":"ImageObject","inLanguage":"es","@id":"https:\/\/novedadesmundodeporte.com\/#\/schema\/person\/image\/","url":"https:\/\/novedadesmundodeporte.com\/wp-content\/uploads\/2025\/10\/IMG_0012.jpeg","contentUrl":"https:\/\/novedadesmundodeporte.com\/wp-content\/uploads\/2025\/10\/IMG_0012.jpeg","width":1146,"height":913,"caption":"Carlos Perez"},"logo":{"@id":"https:\/\/novedadesmundodeporte.com\/#\/schema\/person\/image\/"},"sameAs":["http:\/\/novedadesmundodeporte.com"]}]}},"_hostinger_reach_plugin_has_subscription_block":false,"_hostinger_reach_plugin_is_elementor":false,"_links":{"self":[{"href":"https:\/\/novedadesmundodeporte.com\/index.php?rest_route=\/wp\/v2\/pages\/85","targetHints":{"allow":["GET"]}}],"collection":[{"href":"https:\/\/novedadesmundodeporte.com\/index.php?rest_route=\/wp\/v2\/pages"}],"about":[{"href":"https:\/\/novedadesmundodeporte.com\/index.php?rest_route=\/wp\/v2\/types\/page"}],"author":[{"embeddable":true,"href":"https:\/\/novedadesmundodeporte.com\/index.php?rest_route=\/wp\/v2\/users\/1"}],"replies":[{"embeddable":true,"href":"https:\/\/novedadesmundodeporte.com\/index.php?rest_route=%2Fwp%2Fv2%2Fcomments&post=85"}],"version-history":[{"count":1,"href":"https:\/\/novedadesmundodeporte.com\/index.php?rest_route=\/wp\/v2\/pages\/85\/revisions"}],"predecessor-version":[{"id":86,"href":"https:\/\/novedadesmundodeporte.com\/index.php?rest_route=\/wp\/v2\/pages\/85\/revisions\/86"}],"wp:attachment":[{"href":"https:\/\/novedadesmundodeporte.com\/index.php?rest_route=%2Fwp%2Fv2%2Fmedia&parent=85"}],"curies":[{"name":"wp","href":"https:\/\/api.w.org\/{rel}","templated":true}]}}