{"id":83,"date":"2025-10-25T15:36:17","date_gmt":"2025-10-25T15:36:17","guid":{"rendered":"https:\/\/novedadesmundodeporte.com\/?page_id=83"},"modified":"2025-10-25T15:36:18","modified_gmt":"2025-10-25T15:36:18","slug":"aviso-legal","status":"publish","type":"page","link":"https:\/\/novedadesmundodeporte.com\/?page_id=83","title":{"rendered":"Aviso Legal"},"content":{"rendered":"\n<p><strong>Titular del sitio web:<\/strong><br>Novedades Mundo Deporte<br><strong>Propietario:<\/strong> Marcos Garc\u00eda<br><strong>Correo electr\u00f3nico:<\/strong> marcosgarciavalladolid@gmail.com<\/p>\n\n\n\n<p><strong>Objeto<\/strong><br>El presente aviso legal regula el uso del sitio web <a>www.novedadesmundodeporte.com<\/a> (en adelante, \u201cel Sitio Web\u201d), as\u00ed como los derechos y obligaciones derivados del mismo.<\/p>\n\n\n\n<p><strong>Acceso y uso del sitio web<\/strong><br>El acceso al Sitio Web es gratuito salvo en lo relativo al coste de conexi\u00f3n a trav\u00e9s de la red de telecomunicaciones suministrada por el proveedor de acceso contratado por los usuarios. El acceso al Sitio Web atribuye la condici\u00f3n de usuario e implica la aceptaci\u00f3n plena de todas las condiciones incluidas en este Aviso Legal.<\/p>\n\n\n\n<p><strong>Propiedad intelectual e industrial<\/strong><br>Todos los contenidos, marcas, logotipos, dise\u00f1os, textos, gr\u00e1ficos y c\u00f3digos fuente son propiedad de Novedades Mundo Deporte o de sus respectivos propietarios y est\u00e1n protegidos por la legislaci\u00f3n vigente sobre propiedad intelectual e industrial.<br>Queda prohibida la reproducci\u00f3n, distribuci\u00f3n, comunicaci\u00f3n p\u00fablica o transformaci\u00f3n de los mismos sin autorizaci\u00f3n expresa.<\/p>\n\n\n\n<p><strong>Responsabilidad<\/strong><br>Novedades Mundo Deporte no se responsabiliza de los posibles errores u omisiones en los contenidos del Sitio Web, ni de los da\u00f1os derivados del uso de la informaci\u00f3n proporcionada. El sitio puede contener enlaces a terceros; el propietario no asume responsabilidad sobre su contenido o funcionamiento.<\/p>\n\n\n\n<p><strong>Protecci\u00f3n de datos<\/strong><br>De acuerdo con la Ley Org\u00e1nica 3\/2018 de Protecci\u00f3n de Datos Personales y Garant\u00eda de Derechos Digitales (LOPDGDD) y el Reglamento General de Protecci\u00f3n de Datos (RGPD), los datos que los usuarios faciliten a trav\u00e9s de formularios o suscripciones ser\u00e1n tratados de manera confidencial y utilizados \u00fanicamente para la finalidad expresamente indicada.<br>Los usuarios pueden ejercer sus derechos de acceso, rectificaci\u00f3n, supresi\u00f3n, oposici\u00f3n, limitaci\u00f3n del tratamiento y portabilidad enviando un correo a marcosgarciavalladolid@gmail.com .<\/p>\n\n\n\n<p><strong>Cookies<\/strong><br>El Sitio Web puede utilizar cookies propias o de terceros con fines anal\u00edticos y de personalizaci\u00f3n de contenido. Los usuarios pueden configurar su navegador para aceptar, rechazar o eliminar cookies.<\/p>\n\n\n\n<p><strong>Legislaci\u00f3n aplicable y jurisdicci\u00f3n<\/strong><br>El presente Aviso Legal se rige por la legislaci\u00f3n espa\u00f1ola. Para la resoluci\u00f3n de cualquier controversia derivada del uso del Sitio Web, se somete a los juzgados y tribunales de valladolid.<\/p>\n","protected":false},"excerpt":{"rendered":"<p>Titular del sitio web:Novedades Mundo DeportePropietario: Marcos Garc\u00edaCorreo electr\u00f3nico: marcosgarciavalladolid@gmail.com ObjetoEl presente aviso legal regula el uso del sitio web [&hellip;]<\/p>\n","protected":false},"author":1,"featured_media":0,"parent":0,"menu_order":0,"comment_status":"closed","ping_status":"closed","template":"","meta":{"site-sidebar-layout":"default","site-content-layout":"","ast-site-content-layout":"default","site-content-style":"default","site-sidebar-style":"default","ast-global-header-display":"","ast-banner-title-visibility":"","ast-main-header-display":"","ast-hfb-above-header-display":"","ast-hfb-below-header-display":"","ast-hfb-mobile-header-display":"","site-post-title":"","ast-breadcrumbs-content":"","ast-featured-img":"","footer-sml-layout":"","ast-disable-related-posts":"","theme-transparent-header-meta":"","adv-header-id-meta":"","stick-header-meta":"","header-above-stick-meta":"","header-main-stick-meta":"","header-below-stick-meta":"","astra-migrate-meta-layouts":"default","ast-page-background-enabled":"default","ast-page-background-meta":{"desktop":{"background-color":"var(--ast-global-color-5)","background-image":"","background-repeat":"repeat","background-position":"center center","background-size":"auto","background-attachment":"scroll","background-type":"","background-media":"","overlay-type":"","overlay-color":"","overlay-opacity":"","overlay-gradient":""},"tablet":{"background-color":"","background-image":"","background-repeat":"repeat","background-position":"center center","background-size":"auto","background-attachment":"scroll","background-type":"","background-media":"","overlay-type":"","overlay-color":"","overlay-opacity":"","overlay-gradient":""},"mobile":{"background-color":"","background-image":"","background-repeat":"repeat","background-position":"center center","background-size":"auto","background-attachment":"scroll","background-type":"","background-media":"","overlay-type":"","overlay-color":"","overlay-opacity":"","overlay-gradient":""}},"ast-content-background-meta":{"desktop":{"background-color":"var(--ast-global-color-4)","background-image":"","background-repeat":"repeat","background-position":"center center","background-size":"auto","background-attachment":"scroll","background-type":"","background-media":"","overlay-type":"","overlay-color":"","overlay-opacity":"","overlay-gradient":""},"tablet":{"background-color":"var(--ast-global-color-4)","background-image":"","background-repeat":"repeat","background-position":"center center","background-size":"auto","background-attachment":"scroll","background-type":"","background-media":"","overlay-type":"","overlay-color":"","overlay-opacity":"","overlay-gradient":""},"mobile":{"background-color":"var(--ast-global-color-4)","background-image":"","background-repeat":"repeat","background-position":"center center","background-size":"auto","background-attachment":"scroll","background-type":"","background-media":"","overlay-type":"","overlay-color":"","overlay-opacity":"","overlay-gradient":""}},"footnotes":""},"class_list":["post-83","page","type-page","status-publish","hentry"],"yoast_head":"<!-- This site is optimized with the Yoast SEO plugin v27.1.1 - https:\/\/yoast.com\/product\/yoast-seo-wordpress\/ -->\n<title>Aviso Legal - novedadesmundodeporte<\/title>\n<meta name=\"robots\" content=\"index, follow, max-snippet:-1, max-image-preview:large, max-video-preview:-1\" \/>\n<link rel=\"canonical\" href=\"https:\/\/novedadesmundodeporte.com\/?page_id=83\" \/>\n<meta property=\"og:locale\" content=\"es_ES\" \/>\n<meta property=\"og:type\" content=\"article\" \/>\n<meta property=\"og:title\" content=\"Aviso Legal - novedadesmundodeporte\" \/>\n<meta property=\"og:description\" content=\"Titular del sitio web:Novedades Mundo DeportePropietario: Marcos Garc\u00edaCorreo electr\u00f3nico: marcosgarciavalladolid@gmail.com ObjetoEl presente aviso legal regula el uso del sitio web [&hellip;]\" \/>\n<meta property=\"og:url\" content=\"https:\/\/novedadesmundodeporte.com\/?page_id=83\" \/>\n<meta property=\"og:site_name\" content=\"novedadesmundodeporte\" \/>\n<meta property=\"article:modified_time\" content=\"2025-10-25T15:36:18+00:00\" \/>\n<meta name=\"twitter:card\" content=\"summary_large_image\" \/>\n<meta name=\"twitter:label1\" content=\"Tiempo de lectura\" \/>\n\t<meta name=\"twitter:data1\" content=\"2 minutos\" \/>\n<script type=\"application\/ld+json\" class=\"yoast-schema-graph\">{\"@context\":\"https:\/\/schema.org\",\"@graph\":[{\"@type\":\"WebPage\",\"@id\":\"https:\/\/novedadesmundodeporte.com\/?page_id=83\",\"url\":\"https:\/\/novedadesmundodeporte.com\/?page_id=83\",\"name\":\"Aviso Legal - novedadesmundodeporte\",\"isPartOf\":{\"@id\":\"https:\/\/novedadesmundodeporte.com\/#website\"},\"datePublished\":\"2025-10-25T15:36:17+00:00\",\"dateModified\":\"2025-10-25T15:36:18+00:00\",\"breadcrumb\":{\"@id\":\"https:\/\/novedadesmundodeporte.com\/?page_id=83#breadcrumb\"},\"inLanguage\":\"es\",\"potentialAction\":[{\"@type\":\"ReadAction\",\"target\":[\"https:\/\/novedadesmundodeporte.com\/?page_id=83\"]}]},{\"@type\":\"BreadcrumbList\",\"@id\":\"https:\/\/novedadesmundodeporte.com\/?page_id=83#breadcrumb\",\"itemListElement\":[{\"@type\":\"ListItem\",\"position\":1,\"name\":\"Portada\",\"item\":\"https:\/\/novedadesmundodeporte.com\/\"},{\"@type\":\"ListItem\",\"position\":2,\"name\":\"Aviso Legal\"}]},{\"@type\":\"WebSite\",\"@id\":\"https:\/\/novedadesmundodeporte.com\/#website\",\"url\":\"https:\/\/novedadesmundodeporte.com\/\",\"name\":\"novedadesmundodeporte\",\"description\":\"Novedades deportivas\",\"publisher\":{\"@id\":\"https:\/\/novedadesmundodeporte.com\/#\/schema\/person\/fe8f5a242b671c8455d86602bc9adcd1\"},\"potentialAction\":[{\"@type\":\"SearchAction\",\"target\":{\"@type\":\"EntryPoint\",\"urlTemplate\":\"https:\/\/novedadesmundodeporte.com\/?s={search_term_string}\"},\"query-input\":{\"@type\":\"PropertyValueSpecification\",\"valueRequired\":true,\"valueName\":\"search_term_string\"}}],\"inLanguage\":\"es\"},{\"@type\":[\"Person\",\"Organization\"],\"@id\":\"https:\/\/novedadesmundodeporte.com\/#\/schema\/person\/fe8f5a242b671c8455d86602bc9adcd1\",\"name\":\"Carlos Perez\",\"image\":{\"@type\":\"ImageObject\",\"inLanguage\":\"es\",\"@id\":\"https:\/\/novedadesmundodeporte.com\/#\/schema\/person\/image\/\",\"url\":\"https:\/\/novedadesmundodeporte.com\/wp-content\/uploads\/2025\/10\/IMG_0012.jpeg\",\"contentUrl\":\"https:\/\/novedadesmundodeporte.com\/wp-content\/uploads\/2025\/10\/IMG_0012.jpeg\",\"width\":1146,\"height\":913,\"caption\":\"Carlos Perez\"},\"logo\":{\"@id\":\"https:\/\/novedadesmundodeporte.com\/#\/schema\/person\/image\/\"},\"sameAs\":[\"http:\/\/novedadesmundodeporte.com\"]}]}<\/script>\n<!-- \/ Yoast SEO plugin. -->","yoast_head_json":{"title":"Aviso Legal - novedadesmundodeporte","robots":{"index":"index","follow":"follow","max-snippet":"max-snippet:-1","max-image-preview":"max-image-preview:large","max-video-preview":"max-video-preview:-1"},"canonical":"https:\/\/novedadesmundodeporte.com\/?page_id=83","og_locale":"es_ES","og_type":"article","og_title":"Aviso Legal - novedadesmundodeporte","og_description":"Titular del sitio web:Novedades Mundo DeportePropietario: Marcos Garc\u00edaCorreo electr\u00f3nico: marcosgarciavalladolid@gmail.com ObjetoEl presente aviso legal regula el uso del sitio web [&hellip;]","og_url":"https:\/\/novedadesmundodeporte.com\/?page_id=83","og_site_name":"novedadesmundodeporte","article_modified_time":"2025-10-25T15:36:18+00:00","twitter_card":"summary_large_image","twitter_misc":{"Tiempo de lectura":"2 minutos"},"schema":{"@context":"https:\/\/schema.org","@graph":[{"@type":"WebPage","@id":"https:\/\/novedadesmundodeporte.com\/?page_id=83","url":"https:\/\/novedadesmundodeporte.com\/?page_id=83","name":"Aviso Legal - novedadesmundodeporte","isPartOf":{"@id":"https:\/\/novedadesmundodeporte.com\/#website"},"datePublished":"2025-10-25T15:36:17+00:00","dateModified":"2025-10-25T15:36:18+00:00","breadcrumb":{"@id":"https:\/\/novedadesmundodeporte.com\/?page_id=83#breadcrumb"},"inLanguage":"es","potentialAction":[{"@type":"ReadAction","target":["https:\/\/novedadesmundodeporte.com\/?page_id=83"]}]},{"@type":"BreadcrumbList","@id":"https:\/\/novedadesmundodeporte.com\/?page_id=83#breadcrumb","itemListElement":[{"@type":"ListItem","position":1,"name":"Portada","item":"https:\/\/novedadesmundodeporte.com\/"},{"@type":"ListItem","position":2,"name":"Aviso Legal"}]},{"@type":"WebSite","@id":"https:\/\/novedadesmundodeporte.com\/#website","url":"https:\/\/novedadesmundodeporte.com\/","name":"novedadesmundodeporte","description":"Novedades deportivas","publisher":{"@id":"https:\/\/novedadesmundodeporte.com\/#\/schema\/person\/fe8f5a242b671c8455d86602bc9adcd1"},"potentialAction":[{"@type":"SearchAction","target":{"@type":"EntryPoint","urlTemplate":"https:\/\/novedadesmundodeporte.com\/?s={search_term_string}"},"query-input":{"@type":"PropertyValueSpecification","valueRequired":true,"valueName":"search_term_string"}}],"inLanguage":"es"},{"@type":["Person","Organization"],"@id":"https:\/\/novedadesmundodeporte.com\/#\/schema\/person\/fe8f5a242b671c8455d86602bc9adcd1","name":"Carlos Perez","image":{"@type":"ImageObject","inLanguage":"es","@id":"https:\/\/novedadesmundodeporte.com\/#\/schema\/person\/image\/","url":"https:\/\/novedadesmundodeporte.com\/wp-content\/uploads\/2025\/10\/IMG_0012.jpeg","contentUrl":"https:\/\/novedadesmundodeporte.com\/wp-content\/uploads\/2025\/10\/IMG_0012.jpeg","width":1146,"height":913,"caption":"Carlos Perez"},"logo":{"@id":"https:\/\/novedadesmundodeporte.com\/#\/schema\/person\/image\/"},"sameAs":["http:\/\/novedadesmundodeporte.com"]}]}},"_hostinger_reach_plugin_has_subscription_block":false,"_hostinger_reach_plugin_is_elementor":false,"_links":{"self":[{"href":"https:\/\/novedadesmundodeporte.com\/index.php?rest_route=\/wp\/v2\/pages\/83","targetHints":{"allow":["GET"]}}],"collection":[{"href":"https:\/\/novedadesmundodeporte.com\/index.php?rest_route=\/wp\/v2\/pages"}],"about":[{"href":"https:\/\/novedadesmundodeporte.com\/index.php?rest_route=\/wp\/v2\/types\/page"}],"author":[{"embeddable":true,"href":"https:\/\/novedadesmundodeporte.com\/index.php?rest_route=\/wp\/v2\/users\/1"}],"replies":[{"embeddable":true,"href":"https:\/\/novedadesmundodeporte.com\/index.php?rest_route=%2Fwp%2Fv2%2Fcomments&post=83"}],"version-history":[{"count":1,"href":"https:\/\/novedadesmundodeporte.com\/index.php?rest_route=\/wp\/v2\/pages\/83\/revisions"}],"predecessor-version":[{"id":84,"href":"https:\/\/novedadesmundodeporte.com\/index.php?rest_route=\/wp\/v2\/pages\/83\/revisions\/84"}],"wp:attachment":[{"href":"https:\/\/novedadesmundodeporte.com\/index.php?rest_route=%2Fwp%2Fv2%2Fmedia&parent=83"}],"curies":[{"name":"wp","href":"https:\/\/api.w.org\/{rel}","templated":true}]}}